{"id":32,"date":"2026-04-16T18:39:05","date_gmt":"2026-04-16T18:39:05","guid":{"rendered":"https:\/\/www.ksvw-rechtsanwaelte.de\/wordpress\/?page_id=32"},"modified":"2026-04-16T20:38:41","modified_gmt":"2026-04-16T20:38:41","slug":"impressum","status":"publish","type":"page","link":"https:\/\/www.ksvw-rechtsanwaelte.de\/index.php\/impressum\/","title":{"rendered":"Impressum"},"content":{"rendered":"\t\t<div data-elementor-type=\"wp-page\" data-elementor-id=\"32\" class=\"elementor elementor-32\">\n\t\t\t\t<div class=\"elementor-element elementor-element-68774a2 e-grid e-con-boxed e-con e-parent\" data-id=\"68774a2\" data-element_type=\"container\" data-e-type=\"container\">\n\t\t\t\t\t<div class=\"e-con-inner\">\n\t\t\t\t<div class=\"elementor-element elementor-element-b42d9cf elementor-widget elementor-widget-text-editor\" data-id=\"b42d9cf\" data-element_type=\"widget\" data-e-type=\"widget\" data-widget_type=\"text-editor.default\">\n\t\t\t\t\t\t\t\t\t<p><span style=\"font-size: 17px;\"><b>Impressum<\/b><\/span><\/p>\n<p>KSVW Rechtsanw\u00e4lte<\/p>\n<p>Kamphausen | Viering | Wachtl | Rosenzweig-Heyn<\/p>\n<p>\u00a0<\/p>\n<p>Hauptstra\u00dfe 16<\/p>\n<p>97430 Ha\u00dffurt<\/p>\n<p>\u00a0<\/p>\n<p>Telefon: 09521\/95000-98 oder 09521\/95775-10<\/p>\n<p>Telefax: 09521\/95000-97 oder 09521\/95775-11<\/p>\n<p>E-Mai:\u00a0<a style=\"background-color: #eeefe9;\" href=\"mailto:info@ksvw-rechtsanwaelte.de\" target=\"_blank\" rel=\"noopener\">info@ksvw-rechtsanwaelte.de<\/a><\/p>\t\t\t\t\t\t\t\t<\/div>\n\t\t\t\t<div class=\"elementor-element elementor-element-1dc631b elementor-widget elementor-widget-image\" data-id=\"1dc631b\" data-element_type=\"widget\" data-e-type=\"widget\" data-widget_type=\"image.default\">\n\t\t\t\t\t\t\t\t\t\t\t\t\t\t\t<img fetchpriority=\"high\" decoding=\"async\" width=\"1024\" height=\"683\" src=\"https:\/\/www.ksvw-rechtsanwaelte.de\/wp-content\/uploads\/2026\/03\/26A1810_compressed-1024x683.jpg\" class=\"attachment-large size-large wp-image-20\" alt=\"\" srcset=\"https:\/\/www.ksvw-rechtsanwaelte.de\/wp-content\/uploads\/2026\/03\/26A1810_compressed-1024x683.jpg 1024w, https:\/\/www.ksvw-rechtsanwaelte.de\/wp-content\/uploads\/2026\/03\/26A1810_compressed-300x200.jpg 300w, https:\/\/www.ksvw-rechtsanwaelte.de\/wp-content\/uploads\/2026\/03\/26A1810_compressed-768x512.jpg 768w, https:\/\/www.ksvw-rechtsanwaelte.de\/wp-content\/uploads\/2026\/03\/26A1810_compressed-1536x1024.jpg 1536w, https:\/\/www.ksvw-rechtsanwaelte.de\/wp-content\/uploads\/2026\/03\/26A1810_compressed.jpg 2048w\" sizes=\"(max-width: 1024px) 100vw, 1024px\" \/>\t\t\t\t\t\t\t\t\t\t\t\t\t\t\t<\/div>\n\t\t\t\t<div class=\"elementor-element elementor-element-455a01a elementor-widget elementor-widget-text-editor\" data-id=\"455a01a\" data-element_type=\"widget\" data-e-type=\"widget\" data-widget_type=\"text-editor.default\">\n\t\t\t\t\t\t\t\t\t<p><span style=\"font-size: 17px;\"><b>Weitere Angaben nach \u00a7 6 Nr. 5 TDG:<\/b><\/span><\/p><p>Die Rechtsanw\u00e4lte der Kanzlei sind zugelassen an allen Amts-, Land- und Oberlandesgerichten der Bundesrepublik Deutschland.<\/p><p>\u00a0<\/p><p><b>Rechtsanwaltskammer Bamberg<\/b><\/p><p>Friedrichstra\u00dfe 7<\/p><p>96047 Bamberg<\/p><p>Telefon: 0951\/986200<\/p><p>Telefax: 0951\/203503<\/p><p>E-Mail:\u00a0<a style=\"color: inherit;\" href=\"mailto:info@rakba.de\" target=\"_blank\" rel=\"noopener\"><b>info@rakba.de<\/b><\/a><\/p><p>\u00a0<\/p><p>Grundlage der beruflichen T\u00e4tigkeit ist die Bundesrechtsanwaltsordnung, die Berufsordnung, die Fachanwaltsordnung, das Rechtsanwaltsverg\u00fctungsgesetz sowie die Berufsregeln der Rechtsanw\u00e4lte der europ\u00e4ischen Union, die \u00fcber die Internetseiten der Bundesrechtsanwaltskammer (<a style=\"color: inherit;\" href=\"https:\/\/www.brak.de\" target=\"_blank\" rel=\"noopener\"><b>www.brak.de<\/b><\/a>) einzusehen sind.<\/p>\t\t\t\t\t\t\t\t<\/div>\n\t\t\t\t<div class=\"elementor-element elementor-element-e6f1e75 elementor-widget elementor-widget-text-editor\" data-id=\"e6f1e75\" data-element_type=\"widget\" data-e-type=\"widget\" data-widget_type=\"text-editor.default\">\n\t\t\t\t\t\t\t\t\t<p><span style=\"font-size: 17px;\"><b>Urheberrechtshinweise &amp; Haftungsausschluss<\/b><\/span><\/p>\n<p>Die Texte auf dieser und den \u00fcbrigen Seiten sind urheberrechtlich gesch\u00fctzt. Jede Verwertung, die nicht ausdr\u00fccklich vom Urheberrechtsgesetz zugelassen ist, bedarf der vorherigen Zustimmung unserer Kanzlei. Insbesondere gilt dies f\u00fcr Bearbeitungen, \u00dcbersetzungen, Vervielf\u00e4ltigungen und die Verarbeitung in elektronischen Systemen f\u00fcr gewerbliche Zwecke. Die Nutzung von Texten zum privaten und nicht kommerziellen Gebrauch ist erlaubt. Haftungsausschluss besteht f\u00fcr die Richtigkeit, Vollst\u00e4ndigkeit und Aktualit\u00e4t, ebenso f\u00fcr eventuelle Sch\u00e4den oder Konsequenzen, die durch die Nutzung der von uns angebotenen Informationen entstehen.<\/p>\n<p>Auf den Seiten unserer Homepage sind lediglich allgemeine Informationen. Die Verbreitung dieser Informationen stellt keine Rechtberatung dar. Wenn Sie eine Rechtsberatung w\u00fcnschen, wenden Sie sich bitte an uns. Bei E-Mail-Kontakt entsteht noch kein Mandatsverh\u00e4ltnis. Dies gilt auch, wenn Sie uns konkrete Rechtsfragen stellen. Die Daten\u00fcbertragung im Internet ist nicht risikofrei. Senden Sie uns bitte keine vertraulichen Informationen per E-Mail.<\/p>\n<p>Trotz sorgf\u00e4ltiger inhaltlicher Kontrolle \u00fcbernehmen wir keine Haftung f\u00fcr externe Links. F\u00fcr den Inhalt der verlinkten Seiten sind ausschlie\u00dflich deren Betreiber verantwortlich.<\/p>\t\t\t\t\t\t\t\t<\/div>\n\t\t\t\t\t<\/div>\n\t\t\t\t<\/div>\n\t\t<div class=\"elementor-element elementor-element-4998af9 e-flex e-con-boxed e-con e-parent\" data-id=\"4998af9\" data-element_type=\"container\" data-e-type=\"container\">\n\t\t\t\t\t<div class=\"e-con-inner\">\n\t\t\t\t<div class=\"elementor-element elementor-element-d2df399 elementor-widget elementor-widget-text-editor\" data-id=\"d2df399\" data-element_type=\"widget\" data-e-type=\"widget\" data-widget_type=\"text-editor.default\">\n\t\t\t\t\t\t\t\t\t<p><span style=\"font-style: inherit; font-size: 17px;\"><b>Datenschutzerkl\u00e4rung<\/b><\/span><\/p><p><b>1. Einleitung<\/b><\/p><p>Der Schutz Ihrer pers\u00f6nlichen Daten ist uns ein\u00a0besonderes\u00a0Anliegen. Wir behandeln Ihre personenbezogenen Daten\u00a0vertraulich und\u00a0entsprechend der gesetzlichen Datenschutzvorschriften (DSGVO) sowie\u00a0dieser\u00a0Datenschutzerkl\u00e4rung.<\/p><p><b>2. Verantwortlicher<\/b><\/p><p>Verantwortlich f\u00fcr die Datenverarbeitung auf dieser\u00a0Website\u00a0ist die im Impressum genannte Kanzlei KSVW Rechtsanw\u00e4lte.<\/p><p><b>3. Datenerfassung beim Besuch der\u00a0Website\u00a0(Server-Log-Files)<\/b><\/p><p>Diese Website nutzt\u00a0<b>keine Analyse-Tools<\/b>\u00a0(wie\u00a0Google\u00a0Analytics) und setzt\u00a0<b>keinerlei Cookies<\/b>.<\/p><p>Der Provider der Seiten erhebt und speichert jedoch\u00a0automatisch Informationen in sogenannten Server-Log-Files, die Ihr\u00a0Browser\u00a0automatisch an uns \u00fcbermittelt. Dies sind:<\/p><ul style=\"margin-top: 0cm;\" type=\"disc\"><li>Browsertyp\u00a0und\u00a0Browserversion<\/li><li>Verwendetes\u00a0Betriebssystem Referrer\u00a0URL (die zuvor besuchte Seite)<\/li><li>Hostname\u00a0des\u00a0zugreifenden Rechners<\/li><li>Uhrzeit\u00a0der\u00a0Serveranfrage<\/li><li>IP-Adresse<\/li><\/ul><p>Diese Daten sind technisch notwendig, um die\u00a0Website\u00a0\u00fcberhaupt anzeigen zu k\u00f6nnen und die Stabilit\u00e4t sowie Sicherheit\u00a0des Betriebs\u00a0zu gew\u00e4hrleisten (Rechtsgrundlage ist Art. 6 Abs. 1 lit. f\u00a0DSGVO). Eine\u00a0Zusammenf\u00fchrung dieser Daten mit anderen Datenquellen wird\u00a0nicht vorgenommen.<\/p><p><b>4. Dauer der Datenspeicherung<\/b><\/p><p>Die Log-Files werden nach 14 Tagen automatisch gel\u00f6scht\u00a0oder\u00a0durch K\u00fcrzung der IP-Adresse anonymisiert, sofern keine Anhaltspunkte\u00a0f\u00fcr eine\u00a0rechtswidrige Nutzung vorliegen, die eine weitere Aufbewahrung zu\u00a0Beweiszwecken\u00a0erforderlich machen.<\/p><p><b>5. Ihre Rechte<\/b><\/p><p>Sie haben jederzeit das Recht:<\/p><ul style=\"margin-top: 0cm;\" type=\"disc\"><li>Auskunft\u00a0\u00fcber\u00a0Ihre bei uns gespeicherten Daten zu erhalten.<\/li><li>Die\u00a0Berichtigung,\u00a0Sperrung oder L\u00f6schung Ihrer Daten zu verlangen.<\/li><li>Sich\u00a0bei\u00a0der zust\u00e4ndigen Aufsichtsbeh\u00f6rde f\u00fcr den Datenschutz zu beschweren.<\/li><\/ul><p><b>6. Hosting durch\u00a0Rechenzentrum Ha\u00dffurt<\/b><\/p><p>Wir hosten unsere Website bei der Rechenzentrum Ha\u00dffurt GmbH, Augsfelder Stra\u00dfe 6, 97437 Ha\u00dffurt, Deutschland (nachfolgend: RZHAS).<\/p><p>Details entnehmen Sie der Datenschutzerkl\u00e4rung von RZHAS:<\/p><p><a href=\"https:\/\/www.rzhas.de\/datenschutz\/\" target=\"_blank\" rel=\"noopener\">https:\/\/www.rzhas.de\/datenschutz\/<\/a><\/p><p>Die Verwendung von RZHAS erfolgt auf\u00a0Grundlage von\u00a0Art. 6 Abs. 1 lit. f DSGVO. Wir haben ein berechtigtes Interesse an einer\u00a0m\u00f6glichst zuverl\u00e4ssigen Darstellung und Sicherheit unserer Website.<\/p><p>Wir haben mit RZHAS einen Vertrag \u00fcber Auftragsverarbeitung (AVV) geschlossen. Hierbei handelt es sich um einen datenschutzrechtlich vorgeschriebenen Vertrag, der gew\u00e4hrleistet, dass RZHAS die personenbezogenen Daten der Websitebesucher nur nach unseren Weisungen und unter Einhaltung der DSGVO verarbeitet.<\/p><p><b>7. Kontaktm\u00f6glichkeit\u00a0per E-Mail oder Telefon<\/b><\/p><p>Wenn Sie uns per E-Mail oder Telefon\u00a0Anfragen zukommen\u00a0lassen, werden Ihre Angaben inklusive der von Ihnen dort\u00a0angegebenen\u00a0Kontaktdaten (z. B. Name, Telefonnummer,\u00a0<span style=\"font-style: inherit; font-weight: inherit;\">E-Mail-Adresse)\u00a0<\/span><span style=\"font-style: inherit; font-weight: inherit;\">zwecks\u00a0Bearbeitung der Anfrage und f\u00fcr den Fall von Anschlussfragen bei\u00a0<\/span><span style=\"font-style: inherit; font-weight: inherit;\">uns\u00a0<\/span><span style=\"font-style: inherit; font-weight: inherit;\">gespeichert. Diese Daten geben wir nicht ohne Ihre Einwilligung weiter.<\/span><\/p><p>Die Verarbeitung dieser Daten erfolgt\u00a0auf Grundlage von\u00a0Art. 6 Abs. 1 lit. b DSGVO, sofern Ihre Anfrage mit der\u00a0Erf\u00fcllung eines\u00a0Vertrags zusammenh\u00e4ngt oder zur Durchf\u00fchrung vorvertraglicher\u00a0Ma\u00dfnahmen\u00a0erforderlich ist. In allen \u00fcbrigen F\u00e4llen beruht die Verarbeitung auf\u00a0unserem berechtigten Interesse an der effektiven Bearbeitung der an uns<br \/>gerichteten Anfragen (Art. 6 Abs. 1 lit. f DSGVO) oder auf Ihrer\u00a0Einwilligung\u00a0(Art. 6 Abs. 1 lit. a DSGVO), falls diese abgefragt wurde.<\/p><p>Die von Ihnen an uns \u00fcbersandten Daten\u00a0verbleiben bei\u00a0uns, bis Sie uns zur L\u00f6schung auffordern, Ihre Einwilligung\u00a0zur\u00a0Speicherung widerrufen oder der Zweck f\u00fcr die Datenspeicherung\u00a0entf\u00e4llt (z. B.\u00a0nach abgeschlossener Bearbeitung Ihres Anliegens).\u00a0Zwingende gesetzliche\u00a0Bestimmungen \u2013 insbesondere gesetzliche Aufbewahrungsfristen \u2013 bleiben\u00a0unber\u00fchrt.<\/p><p><b><i>Stand:<\/i><\/b><i>\u00a0April 2026<\/i><\/p><p><a href=\"https:\/\/ksvw-rechtsanwaelte.de\/\"><u>zur\u00fcck zur Homepage<span style=\"font-size: 14.6667px;\">\u00a0&gt;<\/span><\/u><\/a><\/p><div style=\"color: #324a6d; font-family: Poppins, sans-serif; font-size: 16px; background-color: #f8f0dc;\">designed by <a href=\"https:\/\/innocent-creations.de\">innocent creations<\/a><\/div>\t\t\t\t\t\t\t\t<\/div>\n\t\t\t\t\t<\/div>\n\t\t\t\t<\/div>\n\t\t\t\t<\/div>\n\t\t","protected":false},"excerpt":{"rendered":"<p>Impressum KSVW Rechtsanw\u00e4lte Kamphausen | Viering | Wachtl | Rosenzweig-Heyn \u00a0 Hauptstra\u00dfe 16 97430 Ha\u00dffurt \u00a0 Telefon: 09521\/95000-98 oder 09521\/95775-10 [&hellip;]<\/p>\n","protected":false},"author":1,"featured_media":0,"parent":0,"menu_order":0,"comment_status":"closed","ping_status":"closed","template":"elementor_canvas","meta":{"site-sidebar-layout":"no-sidebar","site-content-layout":"","ast-site-content-layout":"full-width-container","site-content-style":"default","site-sidebar-style":"default","ast-global-header-display":"","ast-banner-title-visibility":"","ast-main-header-display":"","ast-hfb-above-header-display":"","ast-hfb-below-header-display":"","ast-hfb-mobile-header-display":"","site-post-title":"disabled","ast-breadcrumbs-content":"","ast-featured-img":"disabled","footer-sml-layout":"","ast-disable-related-posts":"","theme-transparent-header-meta":"","adv-header-id-meta":"","stick-header-meta":"","header-above-stick-meta":"","header-main-stick-meta":"","header-below-stick-meta":"","astra-migrate-meta-layouts":"default","ast-page-background-enabled":"default","ast-page-background-meta":{"desktop":{"background-color":"var(--ast-global-color-5)","background-image":"","background-repeat":"repeat","background-position":"center center","background-size":"auto","background-attachment":"scroll","background-type":"","background-media":"","overlay-type":"","overlay-color":"","overlay-opacity":"","overlay-gradient":""},"tablet":{"background-color":"","background-image":"","background-repeat":"repeat","background-position":"center center","background-size":"auto","background-attachment":"scroll","background-type":"","background-media":"","overlay-type":"","overlay-color":"","overlay-opacity":"","overlay-gradient":""},"mobile":{"background-color":"","background-image":"","background-repeat":"repeat","background-position":"center center","background-size":"auto","background-attachment":"scroll","background-type":"","background-media":"","overlay-type":"","overlay-color":"","overlay-opacity":"","overlay-gradient":""}},"ast-content-background-meta":{"desktop":{"background-color":"var(--ast-global-color-4)","background-image":"","background-repeat":"repeat","background-position":"center center","background-size":"auto","background-attachment":"scroll","background-type":"","background-media":"","overlay-type":"","overlay-color":"","overlay-opacity":"","overlay-gradient":""},"tablet":{"background-color":"var(--ast-global-color-4)","background-image":"","background-repeat":"repeat","background-position":"center center","background-size":"auto","background-attachment":"scroll","background-type":"","background-media":"","overlay-type":"","overlay-color":"","overlay-opacity":"","overlay-gradient":""},"mobile":{"background-color":"var(--ast-global-color-4)","background-image":"","background-repeat":"repeat","background-position":"center center","background-size":"auto","background-attachment":"scroll","background-type":"","background-media":"","overlay-type":"","overlay-color":"","overlay-opacity":"","overlay-gradient":""}},"footnotes":""},"folder":[],"class_list":["post-32","page","type-page","status-publish","hentry"],"_links":{"self":[{"href":"https:\/\/www.ksvw-rechtsanwaelte.de\/index.php\/wp-json\/wp\/v2\/pages\/32","targetHints":{"allow":["GET"]}}],"collection":[{"href":"https:\/\/www.ksvw-rechtsanwaelte.de\/index.php\/wp-json\/wp\/v2\/pages"}],"about":[{"href":"https:\/\/www.ksvw-rechtsanwaelte.de\/index.php\/wp-json\/wp\/v2\/types\/page"}],"author":[{"embeddable":true,"href":"https:\/\/www.ksvw-rechtsanwaelte.de\/index.php\/wp-json\/wp\/v2\/users\/1"}],"replies":[{"embeddable":true,"href":"https:\/\/www.ksvw-rechtsanwaelte.de\/index.php\/wp-json\/wp\/v2\/comments?post=32"}],"version-history":[{"count":30,"href":"https:\/\/www.ksvw-rechtsanwaelte.de\/index.php\/wp-json\/wp\/v2\/pages\/32\/revisions"}],"predecessor-version":[{"id":151,"href":"https:\/\/www.ksvw-rechtsanwaelte.de\/index.php\/wp-json\/wp\/v2\/pages\/32\/revisions\/151"}],"wp:attachment":[{"href":"https:\/\/www.ksvw-rechtsanwaelte.de\/index.php\/wp-json\/wp\/v2\/media?parent=32"}],"wp:term":[{"taxonomy":"folder","embeddable":true,"href":"https:\/\/www.ksvw-rechtsanwaelte.de\/index.php\/wp-json\/wp\/v2\/folder?post=32"}],"curies":[{"name":"wp","href":"https:\/\/api.w.org\/{rel}","templated":true}]}}