{"id":11,"date":"2026-04-16T18:38:56","date_gmt":"2026-04-16T18:38:56","guid":{"rendered":"https:\/\/www.ksvw-rechtsanwaelte.de\/wordpress\/?page_id=11"},"modified":"2026-04-16T20:27:51","modified_gmt":"2026-04-16T20:27:51","slug":"startseite","status":"publish","type":"page","link":"https:\/\/www.ksvw-rechtsanwaelte.de\/","title":{"rendered":"Startseite"},"content":{"rendered":"\t\t<div data-elementor-type=\"wp-post\" data-elementor-id=\"11\" class=\"elementor elementor-11\">\n\t\t\t\t<div class=\"elementor-element elementor-element-3ed1e33 e-flex e-con-boxed e-con e-parent\" data-id=\"3ed1e33\" data-element_type=\"container\" data-e-type=\"container\">\n\t\t\t\t\t<div class=\"e-con-inner\">\n\t\t\t\t<div class=\"elementor-element elementor-element-6d46489 elementor-widget elementor-widget-image\" data-id=\"6d46489\" data-element_type=\"widget\" data-e-type=\"widget\" data-widget_type=\"image.default\">\n\t\t\t\t\t\t\t\t\t\t\t\t\t\t\t<img fetchpriority=\"high\" decoding=\"async\" width=\"1024\" height=\"273\" src=\"https:\/\/www.ksvw-rechtsanwaelte.de\/wp-content\/uploads\/2026\/04\/RECHTSANWAeLTE-1-1024x273.png\" class=\"attachment-large size-large wp-image-79\" alt=\"\" srcset=\"https:\/\/www.ksvw-rechtsanwaelte.de\/wp-content\/uploads\/2026\/04\/RECHTSANWAeLTE-1-1024x273.png 1024w, https:\/\/www.ksvw-rechtsanwaelte.de\/wp-content\/uploads\/2026\/04\/RECHTSANWAeLTE-1-300x80.png 300w, https:\/\/www.ksvw-rechtsanwaelte.de\/wp-content\/uploads\/2026\/04\/RECHTSANWAeLTE-1-768x205.png 768w, https:\/\/www.ksvw-rechtsanwaelte.de\/wp-content\/uploads\/2026\/04\/RECHTSANWAeLTE-1.png 1125w\" sizes=\"(max-width: 1024px) 100vw, 1024px\" \/>\t\t\t\t\t\t\t\t\t\t\t\t\t\t\t<\/div>\n\t\t\t\t\t<\/div>\n\t\t\t\t<\/div>\n\t\t<div class=\"elementor-element elementor-element-c32e180 e-flex e-con-boxed e-con e-parent\" data-id=\"c32e180\" data-element_type=\"container\" data-e-type=\"container\">\n\t\t\t\t\t<div class=\"e-con-inner\">\n\t\t\t\t<div class=\"elementor-element elementor-element-412a2bb elementor-widget elementor-widget-image\" data-id=\"412a2bb\" data-element_type=\"widget\" data-e-type=\"widget\" data-widget_type=\"image.default\">\n\t\t\t\t\t\t\t\t\t\t\t\t\t\t\t<img decoding=\"async\" width=\"1024\" height=\"640\" src=\"https:\/\/www.ksvw-rechtsanwaelte.de\/wp-content\/uploads\/2026\/04\/05-04-_2026_00-40-30-1024x640.jpg\" class=\"attachment-large size-large wp-image-78\" alt=\"\" srcset=\"https:\/\/www.ksvw-rechtsanwaelte.de\/wp-content\/uploads\/2026\/04\/05-04-_2026_00-40-30-1024x640.jpg 1024w, https:\/\/www.ksvw-rechtsanwaelte.de\/wp-content\/uploads\/2026\/04\/05-04-_2026_00-40-30-300x187.jpg 300w, https:\/\/www.ksvw-rechtsanwaelte.de\/wp-content\/uploads\/2026\/04\/05-04-_2026_00-40-30-768x480.jpg 768w, https:\/\/www.ksvw-rechtsanwaelte.de\/wp-content\/uploads\/2026\/04\/05-04-_2026_00-40-30.jpg 1117w\" sizes=\"(max-width: 1024px) 100vw, 1024px\" \/>\t\t\t\t\t\t\t\t\t\t\t\t\t\t\t<\/div>\n\t\t\t\t\t<\/div>\n\t\t\t\t<\/div>\n\t\t<div class=\"elementor-element elementor-element-3267fd5 e-flex e-con-boxed e-con e-parent\" data-id=\"3267fd5\" data-element_type=\"container\" data-e-type=\"container\">\n\t\t\t\t\t<div class=\"e-con-inner\">\n\t\t\t\t<div class=\"elementor-element elementor-element-9e59805 elementor-widget elementor-widget-text-editor\" data-id=\"9e59805\" data-element_type=\"widget\" data-e-type=\"widget\" data-widget_type=\"text-editor.default\">\n\t\t\t\t\t\t\t\t\t<h3><b>Sie haben Recht &#8211; Wir k\u00fcmmern uns darum, dass Sie es bekommen.<\/b><\/h3>\t\t\t\t\t\t\t\t<\/div>\n\t\t\t\t\t<\/div>\n\t\t\t\t<\/div>\n\t\t<div class=\"elementor-element elementor-element-9b00622 e-flex e-con-boxed e-con e-parent\" data-id=\"9b00622\" data-element_type=\"container\" data-e-type=\"container\">\n\t\t\t\t\t<div class=\"e-con-inner\">\n\t\t\t\t<div class=\"elementor-element elementor-element-efc4d6a elementor-widget elementor-widget-text-editor\" data-id=\"efc4d6a\" data-element_type=\"widget\" data-e-type=\"widget\" data-widget_type=\"text-editor.default\">\n\t\t\t\t\t\t\t\t\t<p>Ein souver\u00e4nes Team mit mehr als 90 Jahren geb\u00fcndelter Erfahrung. Immer an Ihrer Seite, wenn es um Ihr Recht geht.<\/p>\t\t\t\t\t\t\t\t<\/div>\n\t\t\t\t\t<\/div>\n\t\t\t\t<\/div>\n\t\t<div class=\"elementor-element elementor-element-59ab0f5 e-flex e-con-boxed e-con e-parent\" data-id=\"59ab0f5\" data-element_type=\"container\" data-e-type=\"container\">\n\t\t\t\t\t<div class=\"e-con-inner\">\n\t\t\t\t<div class=\"elementor-element elementor-element-34b44a4 elementor-widget-divider--view-line elementor-widget elementor-widget-divider\" data-id=\"34b44a4\" data-element_type=\"widget\" data-e-type=\"widget\" data-widget_type=\"divider.default\">\n\t\t\t\t\t\t\t<div class=\"elementor-divider\">\n\t\t\t<span class=\"elementor-divider-separator\">\n\t\t\t\t\t\t<\/span>\n\t\t<\/div>\n\t\t\t\t\t\t<\/div>\n\t\t\t\t\t<\/div>\n\t\t\t\t<\/div>\n\t\t<div class=\"elementor-element elementor-element-447674a e-flex e-con-boxed e-con e-parent\" data-id=\"447674a\" data-element_type=\"container\" data-e-type=\"container\">\n\t\t\t\t\t<div class=\"e-con-inner\">\n\t\t\t\t<div class=\"elementor-element elementor-element-53b7210 elementor-widget elementor-widget-spacer\" data-id=\"53b7210\" data-element_type=\"widget\" data-e-type=\"widget\" data-widget_type=\"spacer.default\">\n\t\t\t\t\t\t\t<div class=\"elementor-spacer\">\n\t\t\t<div class=\"elementor-spacer-inner\"><\/div>\n\t\t<\/div>\n\t\t\t\t\t\t<\/div>\n\t\t\t\t\t<\/div>\n\t\t\t\t<\/div>\n\t\t<div class=\"elementor-element elementor-element-6c71d22 e-flex e-con-boxed e-con e-parent\" data-id=\"6c71d22\" data-element_type=\"container\" data-e-type=\"container\">\n\t\t\t\t\t<div class=\"e-con-inner\">\n\t\t\t\t<div class=\"elementor-element elementor-element-3724800 elementor-align-center elementor-widget elementor-widget-button\" data-id=\"3724800\" data-element_type=\"widget\" data-e-type=\"widget\" data-widget_type=\"button.default\">\n\t\t\t\t\t\t\t\t\t\t<a class=\"elementor-button elementor-button-link elementor-size-sm\" href=\"tel:%20+4995219500098\">\n\t\t\t\t\t\t<span class=\"elementor-button-content-wrapper\">\n\t\t\t\t\t\t\t\t\t<span class=\"elementor-button-text\">Direkt anrufen<\/span>\n\t\t\t\t\t<\/span>\n\t\t\t\t\t<\/a>\n\t\t\t\t\t\t\t\t<\/div>\n\t\t\t\t\t<\/div>\n\t\t\t\t<\/div>\n\t\t<div class=\"elementor-element elementor-element-4e9e5c4 e-flex e-con-boxed e-con e-parent\" data-id=\"4e9e5c4\" data-element_type=\"container\" data-e-type=\"container\" data-settings=\"{&quot;background_background&quot;:&quot;gradient&quot;}\">\n\t\t\t\t\t<div class=\"e-con-inner\">\n\t\t\t\t<div class=\"elementor-element elementor-element-53755f8 elementor-widget elementor-widget-spacer\" data-id=\"53755f8\" data-element_type=\"widget\" data-e-type=\"widget\" data-widget_type=\"spacer.default\">\n\t\t\t\t\t\t\t<div class=\"elementor-spacer\">\n\t\t\t<div class=\"elementor-spacer-inner\"><\/div>\n\t\t<\/div>\n\t\t\t\t\t\t<\/div>\n\t\t\t\t\t<\/div>\n\t\t\t\t<\/div>\n\t\t<div class=\"elementor-element elementor-element-e6aad3a e-grid e-con-boxed e-con e-parent\" data-id=\"e6aad3a\" data-element_type=\"container\" data-e-type=\"container\" data-settings=\"{&quot;background_background&quot;:&quot;gradient&quot;}\">\n\t\t\t\t\t<div class=\"e-con-inner\">\n\t\t\t\t<div class=\"elementor-element elementor-element-049127a elementor-widget elementor-widget-image\" data-id=\"049127a\" data-element_type=\"widget\" data-e-type=\"widget\" data-widget_type=\"image.default\">\n\t\t\t\t\t\t\t\t\t\t\t\t\t\t\t<img decoding=\"async\" width=\"682\" height=\"454\" src=\"https:\/\/www.ksvw-rechtsanwaelte.de\/wp-content\/uploads\/2026\/03\/25-03-_2026_23-19-42.jpg\" class=\"attachment-large size-large wp-image-24\" alt=\"\" srcset=\"https:\/\/www.ksvw-rechtsanwaelte.de\/wp-content\/uploads\/2026\/03\/25-03-_2026_23-19-42.jpg 682w, https:\/\/www.ksvw-rechtsanwaelte.de\/wp-content\/uploads\/2026\/03\/25-03-_2026_23-19-42-300x200.jpg 300w\" sizes=\"(max-width: 682px) 100vw, 682px\" \/>\t\t\t\t\t\t\t\t\t\t\t\t\t\t\t<\/div>\n\t\t\t\t<div class=\"elementor-element elementor-element-48c7d65 elementor-widget elementor-widget-text-editor\" data-id=\"48c7d65\" data-element_type=\"widget\" data-e-type=\"widget\" data-widget_type=\"text-editor.default\">\n\t\t\t\t\t\t\t\t\t<h3>Andr\u00e9 Kamphausen<\/h3><div><b>\u00a0<\/b><\/div><div><u>T\u00e4tigkeitsbereiche<\/u>:<\/div><div>\u00a0<\/div><ul><li>Unfallregulierung<\/li><li>Strafrecht<\/li><li>Bu\u00dfgeldrecht<\/li><li>Mietrecht<\/li><li>Pachtrecht<\/li><li>Zwangsvollstreckung<\/li><li>Baurecht<\/li><\/ul>\t\t\t\t\t\t\t\t<\/div>\n\t\t\t\t\t<\/div>\n\t\t\t\t<\/div>\n\t\t<div class=\"elementor-element elementor-element-c37b5fa e-grid e-con-boxed e-con e-parent\" data-id=\"c37b5fa\" data-element_type=\"container\" data-e-type=\"container\">\n\t\t\t\t\t<div class=\"e-con-inner\">\n\t\t\t\t<div class=\"elementor-element elementor-element-e3c4d68 elementor-widget elementor-widget-image\" data-id=\"e3c4d68\" data-element_type=\"widget\" data-e-type=\"widget\" data-widget_type=\"image.default\">\n\t\t\t\t\t\t\t\t\t\t\t\t\t\t\t<img loading=\"lazy\" decoding=\"async\" width=\"964\" height=\"643\" src=\"https:\/\/www.ksvw-rechtsanwaelte.de\/wp-content\/uploads\/2026\/03\/26-03-_2026_00-15-04.jpg\" class=\"attachment-large size-large wp-image-27\" alt=\"\" srcset=\"https:\/\/www.ksvw-rechtsanwaelte.de\/wp-content\/uploads\/2026\/03\/26-03-_2026_00-15-04.jpg 964w, https:\/\/www.ksvw-rechtsanwaelte.de\/wp-content\/uploads\/2026\/03\/26-03-_2026_00-15-04-300x200.jpg 300w, https:\/\/www.ksvw-rechtsanwaelte.de\/wp-content\/uploads\/2026\/03\/26-03-_2026_00-15-04-768x512.jpg 768w\" sizes=\"(max-width: 964px) 100vw, 964px\" \/>\t\t\t\t\t\t\t\t\t\t\t\t\t\t\t<\/div>\n\t\t\t\t<div class=\"elementor-element elementor-element-f9304b4 elementor-widget elementor-widget-text-editor\" data-id=\"f9304b4\" data-element_type=\"widget\" data-e-type=\"widget\" data-widget_type=\"text-editor.default\">\n\t\t\t\t\t\t\t\t\t<h3>Susanne Viering<\/h3><div>\u00a0<\/div><div><u>T\u00e4tigkeitsbereiche<\/u>:<\/div><div>\u00a0<\/div><ul><li>Familienrecht<\/li><li>Scheidungsrecht<\/li><li>Arbeitsrecht<\/li><li>Zivilrecht<\/li><li>Nachbarrecht<\/li><\/ul>\t\t\t\t\t\t\t\t<\/div>\n\t\t\t\t\t<\/div>\n\t\t\t\t<\/div>\n\t\t<div class=\"elementor-element elementor-element-286a311 e-grid e-con-boxed e-con e-parent\" data-id=\"286a311\" data-element_type=\"container\" data-e-type=\"container\" data-settings=\"{&quot;background_background&quot;:&quot;gradient&quot;}\">\n\t\t\t\t\t<div class=\"e-con-inner\">\n\t\t\t\t<div class=\"elementor-element elementor-element-fd826b2 elementor-widget elementor-widget-image\" data-id=\"fd826b2\" data-element_type=\"widget\" data-e-type=\"widget\" data-widget_type=\"image.default\">\n\t\t\t\t\t\t\t\t\t\t\t\t\t\t\t<img loading=\"lazy\" decoding=\"async\" width=\"682\" height=\"454\" src=\"https:\/\/www.ksvw-rechtsanwaelte.de\/wp-content\/uploads\/2026\/03\/27-03-_2026_19-23-00.jpg\" class=\"attachment-large size-large wp-image-49\" alt=\"\" srcset=\"https:\/\/www.ksvw-rechtsanwaelte.de\/wp-content\/uploads\/2026\/03\/27-03-_2026_19-23-00.jpg 682w, https:\/\/www.ksvw-rechtsanwaelte.de\/wp-content\/uploads\/2026\/03\/27-03-_2026_19-23-00-300x200.jpg 300w\" sizes=\"(max-width: 682px) 100vw, 682px\" \/>\t\t\t\t\t\t\t\t\t\t\t\t\t\t\t<\/div>\n\t\t\t\t<div class=\"elementor-element elementor-element-654e3af elementor-widget elementor-widget-text-editor\" data-id=\"654e3af\" data-element_type=\"widget\" data-e-type=\"widget\" data-widget_type=\"text-editor.default\">\n\t\t\t\t\t\t\t\t\t<h3>Christine Wachtl<\/h3><div>\u00a0<\/div><div><u>T\u00e4tigkeitsbereiche<\/u>:<\/div><div>\u00a0<\/div><ul><li>Arbeitsrecht<\/li><li>Familienrecht<\/li><li>Forderungsbeitreibung<\/li><li>Schadensrecht<\/li><li>Erbrecht<\/li><li>Reiserecht<\/li><li>Mietrecht<\/li><\/ul>\t\t\t\t\t\t\t\t<\/div>\n\t\t\t\t\t<\/div>\n\t\t\t\t<\/div>\n\t\t<div class=\"elementor-element elementor-element-2e33a1a e-grid e-con-boxed e-con e-parent\" data-id=\"2e33a1a\" data-element_type=\"container\" data-e-type=\"container\">\n\t\t\t\t\t<div class=\"e-con-inner\">\n\t\t\t\t<div class=\"elementor-element elementor-element-73c4ee4 elementor-widget elementor-widget-image\" data-id=\"73c4ee4\" data-element_type=\"widget\" data-e-type=\"widget\" data-widget_type=\"image.default\">\n\t\t\t\t\t\t\t\t\t\t\t\t\t\t\t<img loading=\"lazy\" decoding=\"async\" width=\"682\" height=\"454\" src=\"https:\/\/www.ksvw-rechtsanwaelte.de\/wp-content\/uploads\/2026\/03\/27-03-_2026_19-22-23.jpg\" class=\"attachment-large size-large wp-image-50\" alt=\"\" srcset=\"https:\/\/www.ksvw-rechtsanwaelte.de\/wp-content\/uploads\/2026\/03\/27-03-_2026_19-22-23.jpg 682w, https:\/\/www.ksvw-rechtsanwaelte.de\/wp-content\/uploads\/2026\/03\/27-03-_2026_19-22-23-300x200.jpg 300w\" sizes=\"(max-width: 682px) 100vw, 682px\" \/>\t\t\t\t\t\t\t\t\t\t\t\t\t\t\t<\/div>\n\t\t\t\t<div class=\"elementor-element elementor-element-cf0a414 elementor-widget elementor-widget-text-editor\" data-id=\"cf0a414\" data-element_type=\"widget\" data-e-type=\"widget\" data-widget_type=\"text-editor.default\">\n\t\t\t\t\t\t\t\t\t<h3>Vera Rosenzweig-Heyn<\/h3><div>\u00a0<\/div><div><u>T\u00e4tigkeitsbereiche<\/u>:<\/div><div>\u00a0<\/div><ul><li>Mietrecht<\/li><li>Verkehrsrecht<\/li><li>Strafrecht<\/li><li>Ordnungswidrigkeiten<u><\/u><\/li><li>Betreuungsrecht<\/li><li>Sozialrecht<\/li><li>Testamentsvollstreckungen<\/li><li>Nachlasspflegschaften<\/li><li>Verfahrensbeist\u00e4ndin in Kindschaftssachen<\/li><\/ul>\t\t\t\t\t\t\t\t<\/div>\n\t\t\t\t\t<\/div>\n\t\t\t\t<\/div>\n\t\t<div class=\"elementor-element elementor-element-8426dc7 e-grid e-con-boxed e-con e-parent\" data-id=\"8426dc7\" data-element_type=\"container\" data-e-type=\"container\" data-settings=\"{&quot;background_background&quot;:&quot;classic&quot;}\">\n\t\t\t\t\t<div class=\"e-con-inner\">\n\t\t\t\t<div class=\"elementor-element elementor-element-363d81a elementor-widget elementor-widget-text-editor\" data-id=\"363d81a\" data-element_type=\"widget\" data-e-type=\"widget\" data-widget_type=\"text-editor.default\">\n\t\t\t\t\t\t\t\t\t<p><b>KSVW Rechtsanw\u00e4lte<\/b><\/p><p><b>\u00a0<\/b><\/p><p style=\"font-size: 13px; font-style: normal; font-weight: 400;\">Die Soziet\u00e4t KSVW Rechtsanw\u00e4lte wurde im Jahr 2010 durch die Verschmelzung der beiden ortsans\u00e4ssigen Kanzleien Kamphausen &amp; Dr. Schwach sowie Vierung &amp; Wachtl gegr\u00fcndet. Die R\u00e4umlichkeiten befinden sich mitten im Herzen von Ha\u00dffurt.\u00a0<span style=\"letter-spacing: 0px;\">Die Soziet\u00e4t vertritt Mandanten au\u00dfergerichtlich und gerichtlich kompetent und zielorientiert auf nahezu allen Rechtsgebieten.<\/span><\/p><p>\u00a0<\/p><p style=\"font-size: 13px; font-style: normal; font-weight: 400;\">Unser Ziel ist stets, Ihr Recht erfolgreich durchzusetzen und hierbei unkompliziert, transparent und verst\u00e4ndlich zu arbeiten. Die N\u00e4he zum Mandanten und die Mandatsbearbeitung mit einem Fokus auf das Wesentliche steht bei uns im Vordergrund.<\/p><p>\u00a0<\/p><p style=\"font-size: 13px; font-style: normal;\"><a href=\"https:\/\/www.ksvw-rechtsanwaelte.de\/index.php\/impressum\"><b><u>Impressum \/ Datenschutz<\/u><\/b><\/a><\/p>\t\t\t\t\t\t\t\t<\/div>\n\t\t\t\t<div class=\"elementor-element elementor-element-faf0418 elementor-widget elementor-widget-text-editor\" data-id=\"faf0418\" data-element_type=\"widget\" data-e-type=\"widget\" data-widget_type=\"text-editor.default\">\n\t\t\t\t\t\t\t\t\t<p><span style=\"font-style: inherit;\"><b>Kontakt<\/b><\/span><\/p><p><span style=\"font-style: inherit;\"><b>\u00a0<\/b><\/span><\/p><p><span style=\"font-style: inherit; font-weight: inherit;\">Hauptstra\u00dfe 16<\/span><\/p><p><span style=\"font-style: inherit; font-weight: inherit; letter-spacing: 0px;\">97437 Ha\u00dffurt<\/span><\/p><p><span style=\"font-style: inherit; font-weight: inherit; letter-spacing: 0px;\">\u00a0<\/span><\/p><p><span style=\"font-style: inherit; font-weight: inherit;\">Telefon: 09521\/95000-98 und 09521\/95775-10<\/span><\/p><p><span style=\"font-style: inherit; font-weight: inherit;\">Telefax: 09521\/95000-97 und 09521\/95775-11<\/span><\/p><p><span style=\"font-style: inherit; font-weight: inherit;\">\u00a0<\/span><\/p><p><span style=\"font-style: inherit; font-weight: inherit;\">E-Mail:\u00a0 \u00a0<\/span><a style=\"color: inherit; text-decoration: none );\" href=\"mailto:info@ksvw-rechtsanwaelte.de\" target=\"_blank\" rel=\"noopener\"><b>info@ksvw-rechtsanwaelte.de<\/b><\/a><\/p>\t\t\t\t\t\t\t\t<\/div>\n\t\t\t\t\t<\/div>\n\t\t\t\t<\/div>\n\t\t<div class=\"elementor-element elementor-element-1d26a1c e-flex e-con-boxed e-con e-parent\" data-id=\"1d26a1c\" data-element_type=\"container\" data-e-type=\"container\">\n\t\t\t\t\t<div class=\"e-con-inner\">\n\t\t\t\t<div class=\"elementor-element elementor-element-531846a elementor-align-center elementor-widget elementor-widget-button\" data-id=\"531846a\" data-element_type=\"widget\" data-e-type=\"widget\" data-widget_type=\"button.default\">\n\t\t\t\t\t\t\t\t\t\t<a class=\"elementor-button elementor-button-link elementor-size-sm\" href=\"tel:%20+4995219500098\">\n\t\t\t\t\t\t<span class=\"elementor-button-content-wrapper\">\n\t\t\t\t\t\t\t\t\t<span class=\"elementor-button-text\">Direkt anrufen<\/span>\n\t\t\t\t\t<\/span>\n\t\t\t\t\t<\/a>\n\t\t\t\t\t\t\t\t<\/div>\n\t\t\t\t\t<\/div>\n\t\t\t\t<\/div>\n\t\t<div class=\"elementor-element elementor-element-da602c0 e-flex e-con-boxed e-con e-parent\" data-id=\"da602c0\" data-element_type=\"container\" data-e-type=\"container\">\n\t\t\t\t\t<div class=\"e-con-inner\">\n\t\t<div class=\"elementor-element elementor-element-2ba8098 e-con-full e-flex e-con e-child\" data-id=\"2ba8098\" data-element_type=\"container\" data-e-type=\"container\">\n\t\t\t\t<div class=\"elementor-element elementor-element-c1a9c05 elementor-widget elementor-widget-text-editor\" data-id=\"c1a9c05\" data-element_type=\"widget\" data-e-type=\"widget\" data-widget_type=\"text-editor.default\">\n\t\t\t\t\t\t\t\t\t<p><b>\u00d6ffnungszeiten:<\/b><\/p><p>Mo, Di, Do\u00a0 |\u00a0 9:00-12:00 und 13:00-17:00<\/p><p>Mi, Fr\u00a0 |\u00a0 9:00-12:00 und 13:00-15:00<\/p><p><b>Telefonzeiten:<\/b><\/p><p>Mo, Di, Do\u00a0 |\u00a0 9:00-12:00 und 13:00-17:00<\/p><p>Mi, Fr\u00a0 |\u00a0 9:00-12:00<\/p>\t\t\t\t\t\t\t\t<\/div>\n\t\t\t\t<\/div>\n\t\t<div class=\"elementor-element elementor-element-d7bf0df e-con-full e-flex e-con e-child\" data-id=\"d7bf0df\" data-element_type=\"container\" data-e-type=\"container\">\n\t\t\t\t<div class=\"elementor-element elementor-element-96ddf98 elementor-widget elementor-widget-google_maps\" data-id=\"96ddf98\" data-element_type=\"widget\" data-e-type=\"widget\" data-widget_type=\"google_maps.default\">\n\t\t\t\t\t\t\t<div class=\"elementor-custom-embed\">\n\t\t\t<iframe loading=\"lazy\"\n\t\t\t\t\tsrc=\"https:\/\/maps.google.com\/maps?q=Hauptstra%C3%9Fe%2016%2C%2097437%20Ha%C3%9Ffurt&#038;t=m&#038;z=10&#038;output=embed&#038;iwloc=near\"\n\t\t\t\t\ttitle=\"Hauptstra\u00dfe 16, 97437 Ha\u00dffurt\"\n\t\t\t\t\taria-label=\"Hauptstra\u00dfe 16, 97437 Ha\u00dffurt\"\n\t\t\t><\/iframe>\n\t\t<\/div>\n\t\t\t\t\t\t<\/div>\n\t\t\t\t<\/div>\n\t\t\t\t\t<\/div>\n\t\t\t\t<\/div>\n\t\t\t\t<\/div>\n\t\t","protected":false},"excerpt":{"rendered":"<p>Sie haben Recht &#8211; Wir k\u00fcmmern uns darum, dass Sie es bekommen. Ein souver\u00e4nes Team mit mehr als 90 Jahren [&hellip;]<\/p>\n","protected":false},"author":1,"featured_media":0,"parent":0,"menu_order":0,"comment_status":"closed","ping_status":"closed","template":"elementor_canvas","meta":{"site-sidebar-layout":"no-sidebar","site-content-layout":"","ast-site-content-layout":"full-width-container","site-content-style":"default","site-sidebar-style":"default","ast-global-header-display":"","ast-banner-title-visibility":"","ast-main-header-display":"","ast-hfb-above-header-display":"","ast-hfb-below-header-display":"","ast-hfb-mobile-header-display":"","site-post-title":"disabled","ast-breadcrumbs-content":"","ast-featured-img":"disabled","footer-sml-layout":"","ast-disable-related-posts":"","theme-transparent-header-meta":"","adv-header-id-meta":"","stick-header-meta":"","header-above-stick-meta":"","header-main-stick-meta":"","header-below-stick-meta":"","astra-migrate-meta-layouts":"default","ast-page-background-enabled":"default","ast-page-background-meta":{"desktop":{"background-color":"var(--ast-global-color-5)","background-image":"","background-repeat":"repeat","background-position":"center center","background-size":"auto","background-attachment":"scroll","background-type":"","background-media":"","overlay-type":"","overlay-color":"","overlay-opacity":"","overlay-gradient":""},"tablet":{"background-color":"","background-image":"","background-repeat":"repeat","background-position":"center center","background-size":"auto","background-attachment":"scroll","background-type":"","background-media":"","overlay-type":"","overlay-color":"","overlay-opacity":"","overlay-gradient":""},"mobile":{"background-color":"","background-image":"","background-repeat":"repeat","background-position":"center center","background-size":"auto","background-attachment":"scroll","background-type":"","background-media":"","overlay-type":"","overlay-color":"","overlay-opacity":"","overlay-gradient":""}},"ast-content-background-meta":{"desktop":{"background-color":"var(--ast-global-color-4)","background-image":"","background-repeat":"repeat","background-position":"center center","background-size":"auto","background-attachment":"scroll","background-type":"","background-media":"","overlay-type":"","overlay-color":"","overlay-opacity":"","overlay-gradient":""},"tablet":{"background-color":"var(--ast-global-color-4)","background-image":"","background-repeat":"repeat","background-position":"center center","background-size":"auto","background-attachment":"scroll","background-type":"","background-media":"","overlay-type":"","overlay-color":"","overlay-opacity":"","overlay-gradient":""},"mobile":{"background-color":"var(--ast-global-color-4)","background-image":"","background-repeat":"repeat","background-position":"center center","background-size":"auto","background-attachment":"scroll","background-type":"","background-media":"","overlay-type":"","overlay-color":"","overlay-opacity":"","overlay-gradient":""}},"footnotes":""},"folder":[],"class_list":["post-11","page","type-page","status-publish","hentry"],"_links":{"self":[{"href":"https:\/\/www.ksvw-rechtsanwaelte.de\/index.php\/wp-json\/wp\/v2\/pages\/11","targetHints":{"allow":["GET"]}}],"collection":[{"href":"https:\/\/www.ksvw-rechtsanwaelte.de\/index.php\/wp-json\/wp\/v2\/pages"}],"about":[{"href":"https:\/\/www.ksvw-rechtsanwaelte.de\/index.php\/wp-json\/wp\/v2\/types\/page"}],"author":[{"embeddable":true,"href":"https:\/\/www.ksvw-rechtsanwaelte.de\/index.php\/wp-json\/wp\/v2\/users\/1"}],"replies":[{"embeddable":true,"href":"https:\/\/www.ksvw-rechtsanwaelte.de\/index.php\/wp-json\/wp\/v2\/comments?post=11"}],"version-history":[{"count":62,"href":"https:\/\/www.ksvw-rechtsanwaelte.de\/index.php\/wp-json\/wp\/v2\/pages\/11\/revisions"}],"predecessor-version":[{"id":135,"href":"https:\/\/www.ksvw-rechtsanwaelte.de\/index.php\/wp-json\/wp\/v2\/pages\/11\/revisions\/135"}],"wp:attachment":[{"href":"https:\/\/www.ksvw-rechtsanwaelte.de\/index.php\/wp-json\/wp\/v2\/media?parent=11"}],"wp:term":[{"taxonomy":"folder","embeddable":true,"href":"https:\/\/www.ksvw-rechtsanwaelte.de\/index.php\/wp-json\/wp\/v2\/folder?post=11"}],"curies":[{"name":"wp","href":"https:\/\/api.w.org\/{rel}","templated":true}]}}